{"id":12054,"date":"2021-06-07T23:51:01","date_gmt":"2021-06-07T21:51:01","guid":{"rendered":"http:\/\/silesiaevent.pl\/?page_id=12054"},"modified":"2021-11-02T16:17:16","modified_gmt":"2021-11-02T15:17:16","slug":"eliminacja-rosa","status":"publish","type":"page","link":"http:\/\/silesiaevent.pl\/en\/golf-cup-2021\/eliminacja-rosa\/","title":{"rendered":"Eliminacja Rosa 03 wrze\u015bnia 2021"},"content":{"rendered":"<div style='' class=\"vc_row wpb_row vc_row-fluid content-padding\"><div class=\"wpb_column vc_column_container vc_col-sm-12\"><div class=\"vc_column-inner\"><div class=\"wpb_wrapper\">\n\t<div class=\"wpb_text_column wpb_content_element\" >\n\t\t<div class=\"wpb_wrapper\">\n\t\t\t<p>Wyniki Turnieju<\/p>\n<p>Stroke Play Brutto<\/p>\n<ol>\n<li>Micha\u0142 Poni\u017c<\/li>\n<li>Ernest M\u0142ynarski<\/li>\n<li>Janusz Stok\u0142osa<\/li>\n<\/ol>\n<p>Stableford Netto HCP 0.1-16.0<\/p>\n<ol>\n<li>Mateusz Papu\u017cy\u0144ski<\/li>\n<li>Jaros\u0142aw Rosi\u0144ski<\/li>\n<li>Witold Ka\u0142amarz<\/li>\n<\/ol>\n<p>Stableford Netto HCP 16.1-26.0<\/p>\n<ol>\n<li>Adam Wadowski<\/li>\n<li>Krzysztof Dobrowolski<\/li>\n<li>Gilbert Heith<\/li>\n<\/ol>\n<p>Stableford Netto HCP\u00a0 26.1-36.0<\/p>\n<ol>\n<li>Roman Sta\u015b<\/li>\n<li>Tomasz Guzy<\/li>\n<li>Jerzy Sikora<\/li>\n<\/ol>\n\n\t\t<\/div>\n\t<\/div>\n<\/div><\/div><\/div><\/div><div style='' class=\"vc_row wpb_row vc_row-fluid content-padding\"><div class=\"wpb_column vc_column_container vc_col-sm-12\"><div class=\"vc_column-inner\"><div class=\"wpb_wrapper\"><div class=\"gallery-container\"><div class=\"gallery gallery-columns-5\" data-masonry-layout=\"fitRows\"><div class=\"gallery-item\"><a href=\"http:\/\/silesiaevent.pl\/wp-content\/uploads\/2021\/11\/2efe29d2-e245-42f8-9255-87c8e92636fa-2.jpg\" rel=\"lightbox\" data-lightbox-gallery=\"69e2749f4c64a\" class=\"link-image\" title=\"\" data-rel=\"lightbox-image-bGlnaHRib3gtaW1hZ2UtMA==\" data-rl_title=\"\" data-rl_caption=\"\"><img width=\"150\" height=\"150\" src=\"http:\/\/silesiaevent.pl\/wp-content\/uploads\/2021\/11\/2efe29d2-e245-42f8-9255-87c8e92636fa-2-150x150.jpg\" class=\"img-responsive\" alt=\"\" loading=\"lazy\" srcset=\"http:\/\/silesiaevent.pl\/wp-content\/uploads\/2021\/11\/2efe29d2-e245-42f8-9255-87c8e92636fa-2-150x150.jpg 150w, http:\/\/silesiaevent.pl\/wp-content\/uploads\/2021\/11\/2efe29d2-e245-42f8-9255-87c8e92636fa-2-300x300.jpg 300w, http:\/\/silesiaevent.pl\/wp-content\/uploads\/2021\/11\/2efe29d2-e245-42f8-9255-87c8e92636fa-2-100x100.jpg 100w\" sizes=\"(max-width: 150px) 100vw, 150px\" \/><\/a><\/div><div class=\"gallery-item\"><a href=\"http:\/\/silesiaevent.pl\/wp-content\/uploads\/2021\/11\/3de40d9f-78bb-405c-b195-88615aecb569-2.jpg\" rel=\"lightbox\" data-lightbox-gallery=\"69e2749f4c64a\" class=\"link-image\" title=\"\" data-rel=\"lightbox-image-bGlnaHRib3gtaW1hZ2UtMQ==\" data-rl_title=\"\" data-rl_caption=\"\"><img width=\"150\" height=\"150\" src=\"http:\/\/silesiaevent.pl\/wp-content\/uploads\/2021\/11\/3de40d9f-78bb-405c-b195-88615aecb569-2-150x150.jpg\" class=\"img-responsive\" alt=\"\" loading=\"lazy\" srcset=\"http:\/\/silesiaevent.pl\/wp-content\/uploads\/2021\/11\/3de40d9f-78bb-405c-b195-88615aecb569-2-150x150.jpg 150w, http:\/\/silesiaevent.pl\/wp-content\/uploads\/2021\/11\/3de40d9f-78bb-405c-b195-88615aecb569-2-300x300.jpg 300w, http:\/\/silesiaevent.pl\/wp-content\/uploads\/2021\/11\/3de40d9f-78bb-405c-b195-88615aecb569-2-100x100.jpg 100w\" sizes=\"(max-width: 150px) 100vw, 150px\" \/><\/a><\/div><div class=\"gallery-item\"><a href=\"http:\/\/silesiaevent.pl\/wp-content\/uploads\/2021\/11\/4a09ab0a-a260-442d-a8b9-3482210ac78f-2.jpg\" rel=\"lightbox\" data-lightbox-gallery=\"69e2749f4c64a\" class=\"link-image\" title=\"\" data-rel=\"lightbox-image-bGlnaHRib3gtaW1hZ2UtMg==\" data-rl_title=\"\" data-rl_caption=\"\"><img width=\"150\" height=\"150\" src=\"http:\/\/silesiaevent.pl\/wp-content\/uploads\/2021\/11\/4a09ab0a-a260-442d-a8b9-3482210ac78f-2-150x150.jpg\" class=\"img-responsive\" alt=\"\" loading=\"lazy\" srcset=\"http:\/\/silesiaevent.pl\/wp-content\/uploads\/2021\/11\/4a09ab0a-a260-442d-a8b9-3482210ac78f-2-150x150.jpg 150w, http:\/\/silesiaevent.pl\/wp-content\/uploads\/2021\/11\/4a09ab0a-a260-442d-a8b9-3482210ac78f-2-300x300.jpg 300w, http:\/\/silesiaevent.pl\/wp-content\/uploads\/2021\/11\/4a09ab0a-a260-442d-a8b9-3482210ac78f-2-100x100.jpg 100w\" sizes=\"(max-width: 150px) 100vw, 150px\" \/><\/a><\/div><div class=\"gallery-item\"><a href=\"http:\/\/silesiaevent.pl\/wp-content\/uploads\/2021\/11\/4f43bbc6-2f0e-44db-bd3a-48f46d7ac3f3-2.jpg\" rel=\"lightbox\" data-lightbox-gallery=\"69e2749f4c64a\" class=\"link-image\" title=\"\" data-rel=\"lightbox-image-bGlnaHRib3gtaW1hZ2UtMw==\" data-rl_title=\"\" data-rl_caption=\"\"><img width=\"150\" height=\"150\" src=\"http:\/\/silesiaevent.pl\/wp-content\/uploads\/2021\/11\/4f43bbc6-2f0e-44db-bd3a-48f46d7ac3f3-2-150x150.jpg\" class=\"img-responsive\" alt=\"\" loading=\"lazy\" srcset=\"http:\/\/silesiaevent.pl\/wp-content\/uploads\/2021\/11\/4f43bbc6-2f0e-44db-bd3a-48f46d7ac3f3-2-150x150.jpg 150w, http:\/\/silesiaevent.pl\/wp-content\/uploads\/2021\/11\/4f43bbc6-2f0e-44db-bd3a-48f46d7ac3f3-2-300x300.jpg 300w, http:\/\/silesiaevent.pl\/wp-content\/uploads\/2021\/11\/4f43bbc6-2f0e-44db-bd3a-48f46d7ac3f3-2-100x100.jpg 100w\" sizes=\"(max-width: 150px) 100vw, 150px\" \/><\/a><\/div><div class=\"gallery-item\"><a href=\"http:\/\/silesiaevent.pl\/wp-content\/uploads\/2021\/11\/4fc13741-70fa-4432-8e35-097c2e6e7876-2.jpg\" rel=\"lightbox\" data-lightbox-gallery=\"69e2749f4c64a\" class=\"link-image\" title=\"\" data-rel=\"lightbox-image-bGlnaHRib3gtaW1hZ2UtNA==\" data-rl_title=\"\" data-rl_caption=\"\"><img width=\"150\" height=\"150\" src=\"http:\/\/silesiaevent.pl\/wp-content\/uploads\/2021\/11\/4fc13741-70fa-4432-8e35-097c2e6e7876-2-150x150.jpg\" class=\"img-responsive\" alt=\"\" loading=\"lazy\" srcset=\"http:\/\/silesiaevent.pl\/wp-content\/uploads\/2021\/11\/4fc13741-70fa-4432-8e35-097c2e6e7876-2-150x150.jpg 150w, http:\/\/silesiaevent.pl\/wp-content\/uploads\/2021\/11\/4fc13741-70fa-4432-8e35-097c2e6e7876-2-300x300.jpg 300w, http:\/\/silesiaevent.pl\/wp-content\/uploads\/2021\/11\/4fc13741-70fa-4432-8e35-097c2e6e7876-2-100x100.jpg 100w\" sizes=\"(max-width: 150px) 100vw, 150px\" \/><\/a><\/div><div class=\"gallery-item\"><a href=\"http:\/\/silesiaevent.pl\/wp-content\/uploads\/2021\/11\/53c8f5cc-4035-4bbb-95dd-4ed4d546ed2d-2.jpg\" rel=\"lightbox\" data-lightbox-gallery=\"69e2749f4c64a\" class=\"link-image\" title=\"\" data-rel=\"lightbox-image-bGlnaHRib3gtaW1hZ2UtNQ==\" data-rl_title=\"\" data-rl_caption=\"\"><img width=\"150\" height=\"150\" src=\"http:\/\/silesiaevent.pl\/wp-content\/uploads\/2021\/11\/53c8f5cc-4035-4bbb-95dd-4ed4d546ed2d-2-150x150.jpg\" class=\"img-responsive\" alt=\"\" loading=\"lazy\" srcset=\"http:\/\/silesiaevent.pl\/wp-content\/uploads\/2021\/11\/53c8f5cc-4035-4bbb-95dd-4ed4d546ed2d-2-150x150.jpg 150w, http:\/\/silesiaevent.pl\/wp-content\/uploads\/2021\/11\/53c8f5cc-4035-4bbb-95dd-4ed4d546ed2d-2-300x300.jpg 300w, http:\/\/silesiaevent.pl\/wp-content\/uploads\/2021\/11\/53c8f5cc-4035-4bbb-95dd-4ed4d546ed2d-2-100x100.jpg 100w\" sizes=\"(max-width: 150px) 100vw, 150px\" \/><\/a><\/div><div class=\"gallery-item\"><a href=\"http:\/\/silesiaevent.pl\/wp-content\/uploads\/2021\/11\/98a81f4c-a8bb-407b-acd2-40c9994e5d68-2.jpg\" rel=\"lightbox\" data-lightbox-gallery=\"69e2749f4c64a\" class=\"link-image\" title=\"\" data-rel=\"lightbox-image-bGlnaHRib3gtaW1hZ2UtNg==\" data-rl_title=\"\" data-rl_caption=\"\"><img width=\"150\" height=\"150\" src=\"http:\/\/silesiaevent.pl\/wp-content\/uploads\/2021\/11\/98a81f4c-a8bb-407b-acd2-40c9994e5d68-2-150x150.jpg\" class=\"img-responsive\" alt=\"\" loading=\"lazy\" srcset=\"http:\/\/silesiaevent.pl\/wp-content\/uploads\/2021\/11\/98a81f4c-a8bb-407b-acd2-40c9994e5d68-2-150x150.jpg 150w, http:\/\/silesiaevent.pl\/wp-content\/uploads\/2021\/11\/98a81f4c-a8bb-407b-acd2-40c9994e5d68-2-300x300.jpg 300w, http:\/\/silesiaevent.pl\/wp-content\/uploads\/2021\/11\/98a81f4c-a8bb-407b-acd2-40c9994e5d68-2-100x100.jpg 100w\" sizes=\"(max-width: 150px) 100vw, 150px\" \/><\/a><\/div><div class=\"gallery-item\"><a href=\"http:\/\/silesiaevent.pl\/wp-content\/uploads\/2021\/11\/114d4e21-5719-47f7-9e9c-931279024003-2.jpg\" rel=\"lightbox\" data-lightbox-gallery=\"69e2749f4c64a\" class=\"link-image\" title=\"\" data-rel=\"lightbox-image-bGlnaHRib3gtaW1hZ2UtNw==\" data-rl_title=\"\" data-rl_caption=\"\"><img width=\"150\" height=\"150\" src=\"http:\/\/silesiaevent.pl\/wp-content\/uploads\/2021\/11\/114d4e21-5719-47f7-9e9c-931279024003-2-150x150.jpg\" class=\"img-responsive\" alt=\"\" loading=\"lazy\" srcset=\"http:\/\/silesiaevent.pl\/wp-content\/uploads\/2021\/11\/114d4e21-5719-47f7-9e9c-931279024003-2-150x150.jpg 150w, http:\/\/silesiaevent.pl\/wp-content\/uploads\/2021\/11\/114d4e21-5719-47f7-9e9c-931279024003-2-300x300.jpg 300w, http:\/\/silesiaevent.pl\/wp-content\/uploads\/2021\/11\/114d4e21-5719-47f7-9e9c-931279024003-2-100x100.jpg 100w\" sizes=\"(max-width: 150px) 100vw, 150px\" \/><\/a><\/div><div class=\"gallery-item\"><a href=\"http:\/\/silesiaevent.pl\/wp-content\/uploads\/2021\/11\/784f6258-eb02-45a1-9389-cae24c0084ff-2.jpg\" rel=\"lightbox\" data-lightbox-gallery=\"69e2749f4c64a\" class=\"link-image\" title=\"\" data-rel=\"lightbox-image-bGlnaHRib3gtaW1hZ2UtOA==\" data-rl_title=\"\" data-rl_caption=\"\"><img width=\"150\" height=\"150\" src=\"http:\/\/silesiaevent.pl\/wp-content\/uploads\/2021\/11\/784f6258-eb02-45a1-9389-cae24c0084ff-2-150x150.jpg\" class=\"img-responsive\" alt=\"\" loading=\"lazy\" srcset=\"http:\/\/silesiaevent.pl\/wp-content\/uploads\/2021\/11\/784f6258-eb02-45a1-9389-cae24c0084ff-2-150x150.jpg 150w, http:\/\/silesiaevent.pl\/wp-content\/uploads\/2021\/11\/784f6258-eb02-45a1-9389-cae24c0084ff-2-300x300.jpg 300w, http:\/\/silesiaevent.pl\/wp-content\/uploads\/2021\/11\/784f6258-eb02-45a1-9389-cae24c0084ff-2-100x100.jpg 100w\" sizes=\"(max-width: 150px) 100vw, 150px\" \/><\/a><\/div><div class=\"gallery-item\"><a href=\"http:\/\/silesiaevent.pl\/wp-content\/uploads\/2021\/11\/4666984b-cd6a-4e6f-b1fb-c3ef64c6b112-2.jpg\" rel=\"lightbox\" data-lightbox-gallery=\"69e2749f4c64a\" class=\"link-image\" title=\"\" data-rel=\"lightbox-image-bGlnaHRib3gtaW1hZ2UtOQ==\" data-rl_title=\"\" data-rl_caption=\"\"><img width=\"150\" height=\"150\" src=\"http:\/\/silesiaevent.pl\/wp-content\/uploads\/2021\/11\/4666984b-cd6a-4e6f-b1fb-c3ef64c6b112-2-150x150.jpg\" class=\"img-responsive\" alt=\"\" loading=\"lazy\" srcset=\"http:\/\/silesiaevent.pl\/wp-content\/uploads\/2021\/11\/4666984b-cd6a-4e6f-b1fb-c3ef64c6b112-2-150x150.jpg 150w, http:\/\/silesiaevent.pl\/wp-content\/uploads\/2021\/11\/4666984b-cd6a-4e6f-b1fb-c3ef64c6b112-2-300x300.jpg 300w, http:\/\/silesiaevent.pl\/wp-content\/uploads\/2021\/11\/4666984b-cd6a-4e6f-b1fb-c3ef64c6b112-2-100x100.jpg 100w\" sizes=\"(max-width: 150px) 100vw, 150px\" \/><\/a><\/div><div class=\"gallery-item\"><a href=\"http:\/\/silesiaevent.pl\/wp-content\/uploads\/2021\/11\/c286bbe2-c176-41fd-9e84-a0d83c317817-2.jpg\" rel=\"lightbox\" data-lightbox-gallery=\"69e2749f4c64a\" class=\"link-image\" title=\"\" data-rel=\"lightbox-image-bGlnaHRib3gtaW1hZ2UtMTA=\" data-rl_title=\"\" data-rl_caption=\"\"><img width=\"150\" height=\"150\" src=\"http:\/\/silesiaevent.pl\/wp-content\/uploads\/2021\/11\/c286bbe2-c176-41fd-9e84-a0d83c317817-2-150x150.jpg\" class=\"img-responsive\" alt=\"\" loading=\"lazy\" srcset=\"http:\/\/silesiaevent.pl\/wp-content\/uploads\/2021\/11\/c286bbe2-c176-41fd-9e84-a0d83c317817-2-150x150.jpg 150w, http:\/\/silesiaevent.pl\/wp-content\/uploads\/2021\/11\/c286bbe2-c176-41fd-9e84-a0d83c317817-2-300x300.jpg 300w, http:\/\/silesiaevent.pl\/wp-content\/uploads\/2021\/11\/c286bbe2-c176-41fd-9e84-a0d83c317817-2-100x100.jpg 100w\" sizes=\"(max-width: 150px) 100vw, 150px\" \/><\/a><\/div><div class=\"gallery-item\"><a href=\"http:\/\/silesiaevent.pl\/wp-content\/uploads\/2021\/11\/e8c1ef83-ce46-4a5b-9960-83bb65845368-2.jpg\" rel=\"lightbox\" data-lightbox-gallery=\"69e2749f4c64a\" class=\"link-image\" title=\"\" data-rel=\"lightbox-image-bGlnaHRib3gtaW1hZ2UtMTE=\" data-rl_title=\"\" data-rl_caption=\"\"><img width=\"150\" height=\"150\" src=\"http:\/\/silesiaevent.pl\/wp-content\/uploads\/2021\/11\/e8c1ef83-ce46-4a5b-9960-83bb65845368-2-150x150.jpg\" class=\"img-responsive\" alt=\"\" loading=\"lazy\" srcset=\"http:\/\/silesiaevent.pl\/wp-content\/uploads\/2021\/11\/e8c1ef83-ce46-4a5b-9960-83bb65845368-2-150x150.jpg 150w, http:\/\/silesiaevent.pl\/wp-content\/uploads\/2021\/11\/e8c1ef83-ce46-4a5b-9960-83bb65845368-2-300x300.jpg 300w, http:\/\/silesiaevent.pl\/wp-content\/uploads\/2021\/11\/e8c1ef83-ce46-4a5b-9960-83bb65845368-2-100x100.jpg 100w\" sizes=\"(max-width: 150px) 100vw, 150px\" \/><\/a><\/div><div class=\"gallery-item\"><a href=\"http:\/\/silesiaevent.pl\/wp-content\/uploads\/2021\/11\/e856eb39-1622-4c8c-94bb-5ea30858a823-2.jpg\" rel=\"lightbox\" data-lightbox-gallery=\"69e2749f4c64a\" class=\"link-image\" title=\"\" data-rel=\"lightbox-image-bGlnaHRib3gtaW1hZ2UtMTI=\" data-rl_title=\"\" data-rl_caption=\"\"><img width=\"150\" height=\"150\" src=\"http:\/\/silesiaevent.pl\/wp-content\/uploads\/2021\/11\/e856eb39-1622-4c8c-94bb-5ea30858a823-2-150x150.jpg\" class=\"img-responsive\" alt=\"\" loading=\"lazy\" srcset=\"http:\/\/silesiaevent.pl\/wp-content\/uploads\/2021\/11\/e856eb39-1622-4c8c-94bb-5ea30858a823-2-150x150.jpg 150w, http:\/\/silesiaevent.pl\/wp-content\/uploads\/2021\/11\/e856eb39-1622-4c8c-94bb-5ea30858a823-2-300x300.jpg 300w, http:\/\/silesiaevent.pl\/wp-content\/uploads\/2021\/11\/e856eb39-1622-4c8c-94bb-5ea30858a823-2-100x100.jpg 100w\" sizes=\"(max-width: 150px) 100vw, 150px\" \/><\/a><\/div><div class=\"gallery-item\"><a href=\"http:\/\/silesiaevent.pl\/wp-content\/uploads\/2021\/11\/fe7d0fc2-be73-4966-91d0-dfa1ca6dc7cb-2.jpg\" rel=\"lightbox\" data-lightbox-gallery=\"69e2749f4c64a\" class=\"link-image\" title=\"\" data-rel=\"lightbox-image-bGlnaHRib3gtaW1hZ2UtMTM=\" data-rl_title=\"\" data-rl_caption=\"\"><img width=\"150\" height=\"150\" src=\"http:\/\/silesiaevent.pl\/wp-content\/uploads\/2021\/11\/fe7d0fc2-be73-4966-91d0-dfa1ca6dc7cb-2-150x150.jpg\" class=\"img-responsive\" alt=\"\" loading=\"lazy\" srcset=\"http:\/\/silesiaevent.pl\/wp-content\/uploads\/2021\/11\/fe7d0fc2-be73-4966-91d0-dfa1ca6dc7cb-2-150x150.jpg 150w, http:\/\/silesiaevent.pl\/wp-content\/uploads\/2021\/11\/fe7d0fc2-be73-4966-91d0-dfa1ca6dc7cb-2-300x300.jpg 300w, http:\/\/silesiaevent.pl\/wp-content\/uploads\/2021\/11\/fe7d0fc2-be73-4966-91d0-dfa1ca6dc7cb-2-100x100.jpg 100w\" sizes=\"(max-width: 150px) 100vw, 150px\" \/><\/a><\/div><\/div><\/div><\/div><\/div><\/div><\/div>","protected":false},"excerpt":{"rendered":"Wyniki Turnieju Stroke Play Brutto Micha\u0142 Poni\u017c Ernest M\u0142ynarski Janusz Stok\u0142osa Stableford Netto HCP 0.1-16.0 Mateusz Papu\u017cy\u0144ski Jaros\u0142aw Rosi\u0144ski Witold [...]","protected":false},"author":9192359,"featured_media":0,"parent":10889,"menu_order":0,"comment_status":"closed","ping_status":"closed","template":"","meta":[],"_links":{"self":[{"href":"http:\/\/silesiaevent.pl\/en\/wp-json\/wp\/v2\/pages\/12054"}],"collection":[{"href":"http:\/\/silesiaevent.pl\/en\/wp-json\/wp\/v2\/pages"}],"about":[{"href":"http:\/\/silesiaevent.pl\/en\/wp-json\/wp\/v2\/types\/page"}],"author":[{"embeddable":true,"href":"http:\/\/silesiaevent.pl\/en\/wp-json\/wp\/v2\/users\/9192359"}],"replies":[{"embeddable":true,"href":"http:\/\/silesiaevent.pl\/en\/wp-json\/wp\/v2\/comments?post=12054"}],"version-history":[{"count":19,"href":"http:\/\/silesiaevent.pl\/en\/wp-json\/wp\/v2\/pages\/12054\/revisions"}],"predecessor-version":[{"id":12974,"href":"http:\/\/silesiaevent.pl\/en\/wp-json\/wp\/v2\/pages\/12054\/revisions\/12974"}],"up":[{"embeddable":true,"href":"http:\/\/silesiaevent.pl\/en\/wp-json\/wp\/v2\/pages\/10889"}],"wp:attachment":[{"href":"http:\/\/silesiaevent.pl\/en\/wp-json\/wp\/v2\/media?parent=12054"}],"curies":[{"name":"wp","href":"https:\/\/api.w.org\/{rel}","templated":true}]}}